{"id":1460,"date":"2022-12-16T18:53:08","date_gmt":"2022-12-16T17:53:08","guid":{"rendered":"https:\/\/preprod.etangs-de-taysse.com\/contacto\/"},"modified":"2023-02-08T10:18:48","modified_gmt":"2023-02-08T09:18:48","slug":"contacto","status":"publish","type":"page","link":"https:\/\/preprod.etangs-de-taysse.com\/es\/contacto\/","title":{"rendered":"CONTACTO"},"content":{"rendered":"<p><a href=\"#\"><\/p>\n<h1>Contactar con el Domaine de Taysse<\/h1>\n<p>Si desea ponerse en contacto con nosotros para <b>una solicitud concreta, la reserva de una sala para una recepci\u00f3n o un seminario<\/b>, le facilitamos este formulario, no dude en utilizarlo.<\/p>\n<p><\/a>\t\t\t\t<\/p>\n<h2>Hoteles al aire libre &#8211; Sal\u00f3n de recepciones &#8211; Seminarios &#8211; Pesca Abierto de Pascua a Todos los Santos<\/h2>\n<p><strong>Horario de recepci\u00f3n:<\/strong> de 8.30 h. a 19.30 h.<\/p>\n<p>Los \u00e9tangs de taysse<br \/>19150 Espagnac France<\/p>\n<p>+33 (0)5 55 20 79 00<\/p>\n<p>Phone. Restaurante : +33 (0)5 55 20 79 04<\/p>\n<p>\t\t\t<iframe src=\"https:\/\/www.google.com\/maps\/embed?pb=!1m18!1m12!1m3!1d64669.40752220153!2d1.8424971332166433!3d45.249572428278526!2m3!1f0!2f0!3f0!3m2!1i1024!2i768!4f13.1!3m3!1m2!1s0x47f860c4666e6457%3A0xc960fc2d5febcee0!2sLES%20ETANGS%20DE%20TAYSSE!5e0!3m2!1sfr!2sfr!4v1671213172208!5m2!1sfr!2sfr\" width=\"600\" height=\"750\" style=\"border:0;\" allowfullscreen=\"\" loading=\"lazy\" referrerpolicy=\"no-referrer-when-downgrade\"><\/iframe>\t\t<\/p>\n<h2>Atenci\u00f3n \u00a1Informaci\u00f3n muy importante!<\/h2>\n<p>Para llegar, programe su GPS con el municipio \u00abEspagnac\u00bb y el nombre de la calle \u00abEtang de Taysse\u00bb (precisar Etang es importante), le guiar\u00e1 sin problema hasta la salida 21 de la autopista A89. Sin embargo, a partir de este punto, olv\u00eddese del GPS durante unos kil\u00f3metros y siga las siguientes indicaciones: en la primera rotonda despu\u00e9s del peaje, gire a la derecha en direcci\u00f3n Gare de Corr\u00e8ze. Entre en el pueblo y gire a la derecha en la primera rotonda. Recorra unos kil\u00f3metros por esta carretera y gire a la derecha en la indicaci\u00f3n de Saint Martial de Gimel. A continuaci\u00f3n, s\u00f3lo tienes que seguir las indicaciones \u00abEtang de Taysse\u00bb y girar a la izquierda en cuanto cruces la presa del estanque<\/p>\n<h2>Cont\u00e1ctenos<\/h2>\n","protected":false},"excerpt":{"rendered":"<p>Contactar con el Domaine de Taysse Si desea ponerse en contacto con nosotros para una solicitud concreta, la reserva de una sala para una recepci\u00f3n o un seminario, le facilitamos este formulario, no dude en utilizarlo. Hoteles al aire libre &#8211; Sal\u00f3n de recepciones &#8211; Seminarios &#8211; Pesca Abierto de Pascua a Todos los Santos [&hellip;]<\/p>\n","protected":false},"author":1,"featured_media":0,"parent":0,"menu_order":7,"comment_status":"closed","ping_status":"closed","template":"elementor_header_footer","meta":{"footnotes":""},"class_list":["post-1460","page","type-page","status-publish","hentry"],"_links":{"self":[{"href":"https:\/\/preprod.etangs-de-taysse.com\/es\/wp-json\/wp\/v2\/pages\/1460","targetHints":{"allow":["GET"]}}],"collection":[{"href":"https:\/\/preprod.etangs-de-taysse.com\/es\/wp-json\/wp\/v2\/pages"}],"about":[{"href":"https:\/\/preprod.etangs-de-taysse.com\/es\/wp-json\/wp\/v2\/types\/page"}],"author":[{"embeddable":true,"href":"https:\/\/preprod.etangs-de-taysse.com\/es\/wp-json\/wp\/v2\/users\/1"}],"replies":[{"embeddable":true,"href":"https:\/\/preprod.etangs-de-taysse.com\/es\/wp-json\/wp\/v2\/comments?post=1460"}],"version-history":[{"count":0,"href":"https:\/\/preprod.etangs-de-taysse.com\/es\/wp-json\/wp\/v2\/pages\/1460\/revisions"}],"wp:attachment":[{"href":"https:\/\/preprod.etangs-de-taysse.com\/es\/wp-json\/wp\/v2\/media?parent=1460"}],"curies":[{"name":"wp","href":"https:\/\/api.w.org\/{rel}","templated":true}]}}