{"id":1456,"date":"2022-12-13T15:29:24","date_gmt":"2022-12-13T14:29:24","guid":{"rendered":"https:\/\/preprod.etangs-de-taysse.com\/domaine-de-taysse-inicio\/"},"modified":"2023-02-09T11:40:02","modified_gmt":"2023-02-09T10:40:02","slug":"domaine-de-taysse-inicio","status":"publish","type":"page","link":"https:\/\/preprod.etangs-de-taysse.com\/es\/","title":{"rendered":"Domaine des Etangs de Taysse, en el coraz\u00f3n de la Dordo\u00f1a"},"content":{"rendered":"<p>En <b>el coraz\u00f3n del valle de Corr\u00e8ze-Dordo\u00f1a,<\/b> nuestra finca abre sus puertas para una <b>estancia \u00fanica<\/b> en una naturaleza excepcional<\/p>\n<p><a href=\"https:\/\/thelisresa.webcamp.fr\/?camping=taysse\">Reservo mi alojamiento<\/a>\t\t\t\t<\/p>\n<p>En <b>el coraz\u00f3n del valle de Corr\u00e8ze-Dordo\u00f1a,<\/b> nuestra finca abre sus puertas para una <b>estancia \u00fanica<\/b> en una naturaleza excepcional<\/p>\n<p><a href=\"https:\/\/thelisresa.webcamp.fr\/?camping=taysse\">Reservo mi alojamiento<\/a>\t\t\t\t<\/p>\n<h1>El dominio del estanque de Taysse<\/h1>\n<p>\t\t\t\t\t\t\t\t\t\tUn complejo excepcional en el coraz\u00f3n de la naturaleza virgen<\/p>\n<p>Puede pasar unas vacaciones en <b>alojamientos tradicionales<\/b> como <b>caba\u00f1as<\/b> u optar por una aventura ex\u00f3tica en un <b>alojamiento inusual<\/b>, ya sea en una casa en el agua accesible solo en barco o en una c\u00f3moda tienda de safari.<\/p>\n<p><a href=\"https:\/\/preprod.etangs-de-taysse.com\/es\/el-dominio\/\">el Dominio<\/a>Un parque de 60 hect\u00e1reas y su id\u00edlico estanque<\/p>\n<p>Todo alojamiento est\u00e1 situado dentro de un <b>parque de 60 hect\u00e1reas<\/b> bordeado por un estanque de 32 hect\u00e1reas donde se puede disfrutar tanto de su piscina natural y su playa de arena, como de la base n\u00e1utica para escapar del paddle kayak o del pedal boat. <b>El Dominio de Taysse<\/b> ofrece la posibilidad desde el primero de abril hasta el 30 de septiembre de sentarse en una terraza sombreada para tomar una copa o comer en el restaurante, donde un amplio men\u00fa de productos frescos le encantar\u00e1.<\/p>\n<p><a href=\"https:\/\/preprod.etangs-de-taysse.com\/es\/el-dominio\/\">el Dominio<\/a>El lugar ideal para sus enventos<\/p>\n<p>Finalmente, si durante sus vacaciones tiene la oportunidad de conocer a la persona de su vida, le ofreceremos los servicios de nuestra estructura de eventos que para <b>la organizaci\u00f3n de su boda<\/b> le alquilar\u00e1 la sala de La Grange. Adem\u00e1s de la magia alrededor de este evento, el Dominio de Taysse le traer\u00e1 todo el romance de una boda de princesas, sus invitados quedar\u00e1n deslumbrados por este lugar con \u00e1rboles centenarios, su pont\u00f3n con vistas al estanque congelar\u00e1 para siempre sus recuerdos<\/p>\n<p><a href=\"https:\/\/preprod.etangs-de-taysse.com\/es\/el-dominio\/\">el Dominio<\/a>\t\t\t\t<\/p>\n<figure><img data-src=\"https:\/\/preprod.etangs-de-taysse.com\/wp-content\/uploads\/2022\/12\/domaine-fleurs-galerie.jpg\" alt=\"domaine-fleurs-galerie\" \/><\/figure>\n<figure><img data-src=\"https:\/\/preprod.etangs-de-taysse.com\/wp-content\/uploads\/2022\/12\/domaine-coucher-de-soleil-galerie.jpg\" alt=\"domaine-coucher-de-soleil-galerie\" \/><\/figure>\n<figure><img data-src=\"https:\/\/preprod.etangs-de-taysse.com\/wp-content\/uploads\/2022\/12\/domaine-vue-du-ciel-galerie.jpg\" alt=\"domaine-vue-du-ciel-galerie\" \/><\/figure>\n<figure><img data-src=\"https:\/\/preprod.etangs-de-taysse.com\/wp-content\/uploads\/2022\/12\/domaine-cabane-flottante-galerie.jpg\" alt=\"domaine-cabane-flottante-galerie\" \/><\/figure>\n<figure><img data-src=\"https:\/\/preprod.etangs-de-taysse.com\/wp-content\/uploads\/2022\/12\/domaine-mariage-galerie.jpg\" alt=\"domaine-mariage-galerie\" \/><\/figure>\n<figure><img data-src=\"https:\/\/preprod.etangs-de-taysse.com\/wp-content\/uploads\/2022\/12\/domaine-evenement-galerie.jpg\" alt=\"domaine-evenement-galerie\" \/><\/figure>\n<p>\t\t\t\t\t\t\t\t\t\tUn complejo excepcional en el coraz\u00f3n de la naturaleza virgen<\/p>\n<p>Puede pasar unas vacaciones en <b>alojamientos tradicionales<\/b> como <b>caba\u00f1as<\/b> u optar por una aventura ex\u00f3tica en un <b>alojamiento inusual<\/b>, ya sea en una casa en el agua accesible solo en barco o en una c\u00f3moda tienda de safari.<\/p>\n<p><a href=\"https:\/\/preprod.etangs-de-taysse.com\/es\/el-dominio\/\">el Dominio<\/a>Un parque de 60 hect\u00e1reas y su id\u00edlico estanque<\/p>\n<p>Todo alojamiento est\u00e1 situado dentro de <b>un parque de 60 hect\u00e1reas<\/b> bordeado por un estanque de 32 hect\u00e1reas donde se puede disfrutar tanto de su piscina natural y su playa de arena, como de la base n\u00e1utica para escapar del paddle kayak o del pedal boat. <b>El Dominio de Taysse<\/b> ofrece la posibilidad desde el primero de abril hasta el 30 de septiembre de sentarse en una terraza sombreada para tomar una copa o comer en el restaurante, donde un amplio men\u00fa de productos frescos le encantar\u00e1.<\/p>\n<p><a href=\"https:\/\/preprod.etangs-de-taysse.com\/es\/el-dominio\/\">el Dominio<\/a>El lugar ideal para sus enventos<\/p>\n<p>Finalmente, si durante sus vacaciones tiene la oportunidad de conocer a la persona de su vida, le ofreceremos los servicios de nuestra estructura de eventos que para <b>la organizaci\u00f3n de su boda<\/b> le alquilar\u00e1 la sala de La Grange. Adem\u00e1s de la magia alrededor de este evento, el Dominio de Taysse le traer\u00e1 todo el romance de una boda de princesas, sus invitados quedar\u00e1n deslumbrados por este lugar con \u00e1rboles centenarios, su pont\u00f3n con vistas al estanque congelar\u00e1 para siempre sus recuerdos<\/p>\n<p><a href=\"https:\/\/preprod.etangs-de-taysse.com\/es\/el-dominio\/\">el Dominio<\/a>\t\t\t\t<\/p>\n<figure><img data-src=\"https:\/\/preprod.etangs-de-taysse.com\/wp-content\/uploads\/2022\/12\/domaine-fleurs-galerie.jpg\" alt=\"domaine-fleurs-galerie\" \/><\/figure>\n<figure><img data-src=\"https:\/\/preprod.etangs-de-taysse.com\/wp-content\/uploads\/2022\/12\/domaine-coucher-de-soleil-galerie.jpg\" alt=\"domaine-coucher-de-soleil-galerie\" \/><\/figure>\n<figure><img data-src=\"https:\/\/preprod.etangs-de-taysse.com\/wp-content\/uploads\/2022\/12\/domaine-vue-du-ciel-galerie.jpg\" alt=\"domaine-vue-du-ciel-galerie\" \/><\/figure>\n<figure><img data-src=\"https:\/\/preprod.etangs-de-taysse.com\/wp-content\/uploads\/2022\/12\/domaine-cabane-flottante-galerie.jpg\" alt=\"domaine-cabane-flottante-galerie\" \/><\/figure>\n<figure><img data-src=\"https:\/\/preprod.etangs-de-taysse.com\/wp-content\/uploads\/2022\/12\/domaine-mariage-galerie.jpg\" alt=\"domaine-mariage-galerie\" \/><\/figure>\n<figure><img data-src=\"https:\/\/preprod.etangs-de-taysse.com\/wp-content\/uploads\/2022\/12\/domaine-evenement-galerie.jpg\" alt=\"domaine-evenement-galerie\" \/><\/figure>\n<p>\t\t\t\t\t\t\t\t\t\t\t\t\t\t\t<img fetchpriority=\"high\" decoding=\"async\" width=\"568\" height=\"800\" src=\"https:\/\/preprod.etangs-de-taysse.com\/wp-content\/uploads\/2022\/12\/camping-accueil.jpg\" alt=\"\" srcset=\"https:\/\/preprod.etangs-de-taysse.com\/wp-content\/uploads\/2022\/12\/camping-accueil.jpg 568w, https:\/\/preprod.etangs-de-taysse.com\/wp-content\/uploads\/2022\/12\/camping-accueil-213x300.jpg 213w\" sizes=\"(max-width: 568px) 100vw, 568px\" \/>\t\t\t\t\t\t\t\t\t\t\t\t\t\t\t<\/p>\n<h2><a href=\"#\">Alojamiento<\/a><\/h2>\n<p>El dominio se extiende sobre 60 hect\u00e1reas, y 30 hect\u00e1reas de estanques, elija el tipo de alojamiento que desee para su estancia. No faltan opciones.<\/p>\n<p>\t\t\t<a href=\"https:\/\/preprod.etangs-de-taysse.com\/es\/alojamiento-casas-en-el-agua\/\" role=\"button\"><br \/>\n\t\t\t\t\t\tAlojamientos Casas sobre el agua<br \/>\n\t\t\t\t\t<\/a><br \/>\n\t\t\t<a href=\"https:\/\/preprod.etangs-de-taysse.com\/es\/alojamientos-los-chale\/\" role=\"button\"><br \/>\n\t\t\t\t\t\tAlojamiento Casas rurales<br \/>\n\t\t\t\t\t<\/a><br \/>\n\t\t\t<a href=\"https:\/\/preprod.etangs-de-taysse.com\/es\/lodges-safari-tents\/\" role=\"button\"><br \/>\n\t\t\t\t\t\tAlojamientos ins\u00f3litos<br \/>\n\t\t\t\t\t<\/a><br \/>\n\t\t\t<a href=\"https:\/\/preprod.etangs-de-taysse.com\/es\/alojamiento-camping-y-parcelas\/\" role=\"button\"><br \/>\n\t\t\t\t\t\tAlojamiento Camping<br \/>\n\t\t\t\t\t<\/a><br \/>\n\t\t\t\t\t\t\t\t\t\t\t\t\t\t\t<img decoding=\"async\" width=\"568\" height=\"800\" src=\"https:\/\/preprod.etangs-de-taysse.com\/wp-content\/uploads\/2022\/12\/evenements-accueil.jpg\" alt=\"evenements-accueil\" srcset=\"https:\/\/preprod.etangs-de-taysse.com\/wp-content\/uploads\/2022\/12\/evenements-accueil.jpg 568w, https:\/\/preprod.etangs-de-taysse.com\/wp-content\/uploads\/2022\/12\/evenements-accueil-213x300.jpg 213w\" sizes=\"(max-width: 568px) 100vw, 568px\" \/>\t\t\t\t\t\t\t\t\t\t\t\t\t\t\t<\/p>\n<h2><a href=\"#\">Eventos<\/a><\/h2>\n<p>Situado en un entorno natural, el Domaine de Taysse le ofrece un lugar para su boda o team building que har\u00e1 las delicias de sus invitados o de su equipo de trabajo. Paisajes naturales excepcionales para momentos \u00fanicos.<\/p>\n<p>\t\t\t<a href=\"https:\/\/preprod.etangs-de-taysse.com\/es\/eventos-privados\/\" role=\"button\"><br \/>\n\t\t\t\t\t\tEventos privados<br \/>\n\t\t\t\t\t<\/a><br \/>\n\t\t\t<a href=\"https:\/\/preprod.etangs-de-taysse.com\/es\/eventos-profesionales\/\" role=\"button\"><br \/>\n\t\t\t\t\t\tEventos profesionales<br \/>\n\t\t\t\t\t<\/a><br \/>\n\t\t\t\t\t\t\t\t\t\t\t\t\t\t\t<img decoding=\"async\" width=\"568\" height=\"800\" src=\"https:\/\/preprod.etangs-de-taysse.com\/wp-content\/uploads\/2022\/12\/restauration-accueil.jpg\" alt=\"restauration-accueil\" srcset=\"https:\/\/preprod.etangs-de-taysse.com\/wp-content\/uploads\/2022\/12\/restauration-accueil.jpg 568w, https:\/\/preprod.etangs-de-taysse.com\/wp-content\/uploads\/2022\/12\/restauration-accueil-213x300.jpg 213w\" sizes=\"(max-width: 568px) 100vw, 568px\" \/>\t\t\t\t\t\t\t\t\t\t\t\t\t\t\t<\/p>\n<h2><a href=\"#\">Restauraci\u00f3n<\/a><\/h2>\n<p>Nuestro restaurante, abierto para el almuerzo y la cena, ofrece cocina tradicional francesa. Nuestro bar est\u00e1 en su lugar todo el d\u00eda y por la noche, venga y disfrute de este ambiente lounge alrededor de nuestro men\u00fa de c\u00f3cteles.<\/p>\n<p>\t\t\t<a href=\"https:\/\/preprod.etangs-de-taysse.com\/es\/restauracion\/\" role=\"button\"><br \/>\n\t\t\t\t\t\tAprende m\u00e1s<br \/>\n\t\t\t\t\t<\/a><br \/>\n\t\t\t\t\t\t\t\t\t\t\t\t\t\t\t<img loading=\"lazy\" decoding=\"async\" width=\"568\" height=\"800\" src=\"https:\/\/preprod.etangs-de-taysse.com\/wp-content\/uploads\/2022\/12\/activites-accuel.jpg\" alt=\"activites-accuel\" srcset=\"https:\/\/preprod.etangs-de-taysse.com\/wp-content\/uploads\/2022\/12\/activites-accuel.jpg 568w, https:\/\/preprod.etangs-de-taysse.com\/wp-content\/uploads\/2022\/12\/activites-accuel-213x300.jpg 213w\" sizes=\"(max-width: 568px) 100vw, 568px\" \/>\t\t\t\t\t\t\t\t\t\t\t\t\t\t\t<\/p>\n<h2><a href=\"#\">Actividades<\/a><\/h2>\n<p>La zona idealmente ubicada le permite una gran cantidad de actividades, entre senderismo, nataci\u00f3n en su base n\u00e1utica, pero tambi\u00e9n pesca, paseos en bicicleta, remo, sin tiempo para aburrirse.<\/p>\n<p>\t\t\t<a href=\"https:\/\/preprod.etangs-de-taysse.com\/es\/actividades-in-situ\/\" role=\"button\"><br \/>\n\t\t\t\t\t\tAprende m\u00e1s<br \/>\n\t\t\t\t\t<\/a><\/p>\n<h2>Testimonios<\/h2>\n<p>Une petite pause fabuleuse aux \u00e9tangs de Taysse ! Le propri\u00e9taire et le personnel sont tr\u00e8s accueillants et attentionn\u00e9s. Tout est mis en oeuvre pour notre bien\u2014\u00eatre dans un grand respect de chacun et de la Nature \u00e9galement. Nous avons s\u00e9journ\u00e9 dans une des maisons flottantes, petit paradis sur l\u2019eau, pause insolite, ressour\u00e7ante, paysage magnifique. Le restaurant propose une d\u00e9licieuse carte (avec des frites incroyablement bonnes!!!).<br \/>\nUn grand merci! Petits et grands sommes enchant\u00e9s!<\/p>\n<p>\t\t\t\t\t\t\t\t<cite>AnnG B.<\/cite>\t\t\t<\/p>\n<p>Cadre exceptionnel, personnel et propri\u00e9taire attentifs, courtois et chaleureux. Chalets tr\u00e8s propres, bien agenc\u00e9s, spacieux et sans vis \u00e0 vis. On va revenir et on vous recommande vivement cet endroit&#8230;.<\/p>\n<p>\t\t\t\t\t\t\t\t<cite>Anne<\/cite>\t\t\t<\/p>\n<p>Merci infiniment aux \u00e9quipes des Etangs de Taysse. Nous avons pass\u00e9 un excellent mariage. C\u2019\u00e9tait un moment magique et inoubliable ! Tout le monde \u00e9tait ravi du lieu exceptionnel mais aussi du camping pour s\u00e9journer. Et l\u2019arriv\u00e9e en barque pour la c\u00e9r\u00e9monie la\u00efque \u00e9tait la cerise sur le g\u00e2teau.<\/p>\n<p>\t\t\t\t\t\t\t\t<cite>M\u00e9lanie Pons<\/cite><br \/>\n\t\t\t\t\t\t\t\t\t\t\t\t\t\tPr\u00e9c\u00e9dent<br \/>\n\t\t\t\t\t\t\t\t\t\t\t\t\t\tSuivant<\/p>\n","protected":false},"excerpt":{"rendered":"<p>En el coraz\u00f3n del valle de Corr\u00e8ze-Dordo\u00f1a, nuestra finca abre sus puertas para una estancia \u00fanica en una naturaleza excepcional Reservo mi alojamiento En el coraz\u00f3n del valle de Corr\u00e8ze-Dordo\u00f1a, nuestra finca abre sus puertas para una estancia \u00fanica en una naturaleza excepcional Reservo mi alojamiento El dominio del estanque de Taysse Un complejo excepcional [&hellip;]<\/p>\n","protected":false},"author":1,"featured_media":0,"parent":0,"menu_order":1,"comment_status":"closed","ping_status":"closed","template":"elementor_header_footer","meta":{"footnotes":""},"class_list":["post-1456","page","type-page","status-publish","hentry"],"_links":{"self":[{"href":"https:\/\/preprod.etangs-de-taysse.com\/es\/wp-json\/wp\/v2\/pages\/1456","targetHints":{"allow":["GET"]}}],"collection":[{"href":"https:\/\/preprod.etangs-de-taysse.com\/es\/wp-json\/wp\/v2\/pages"}],"about":[{"href":"https:\/\/preprod.etangs-de-taysse.com\/es\/wp-json\/wp\/v2\/types\/page"}],"author":[{"embeddable":true,"href":"https:\/\/preprod.etangs-de-taysse.com\/es\/wp-json\/wp\/v2\/users\/1"}],"replies":[{"embeddable":true,"href":"https:\/\/preprod.etangs-de-taysse.com\/es\/wp-json\/wp\/v2\/comments?post=1456"}],"version-history":[{"count":0,"href":"https:\/\/preprod.etangs-de-taysse.com\/es\/wp-json\/wp\/v2\/pages\/1456\/revisions"}],"wp:attachment":[{"href":"https:\/\/preprod.etangs-de-taysse.com\/es\/wp-json\/wp\/v2\/media?parent=1456"}],"curies":[{"name":"wp","href":"https:\/\/api.w.org\/{rel}","templated":true}]}}